{"id":15294,"date":"2026-03-04T17:33:14","date_gmt":"2026-03-04T16:33:14","guid":{"rendered":"https:\/\/www.thibaut.fr\/politica-de-privacidad\/"},"modified":"2026-03-04T18:42:50","modified_gmt":"2026-03-04T17:42:50","slug":"politica-de-privacidad","status":"publish","type":"page","link":"https:\/\/www.thibaut.fr\/es\/politica-de-privacidad\/","title":{"rendered":"Pol\u00edtica de privacidad"},"content":{"rendered":"\n<p><strong>Pol\u00edtica de privacidad<\/strong><\/p>\n\n<p><em>\u00daltima actualizaci\u00f3n: Marzo 2026<\/em><\/p>\n\n<p>El Cliente est\u00e1 informado de las normativas relativas a la comunicaci\u00f3n de marketing, la Ley de 21 de junio de 2014 sobre la confianza en la econom\u00eda digital, la Ley de Protecci\u00f3n de Datos de 6 de agosto de 2004, as\u00ed como el Reglamento General de Protecci\u00f3n de Datos (RGPD: n\u00b0 2016-679).<\/p>\n\n<p><\/p>\n\n<h3 class=\"wp-block-heading\" id=\"h-1-responsable-de-la-collecte-des-donnees-personnelles\"><strong>1. Responsable de la recogida de datos personales<\/strong><\/h3>\n\n<p>Para los Datos Personales recogidos en el marco de la navegaci\u00f3n en el Sitio y del uso del formulario de contacto, el responsable del tratamiento de los Datos Personales es:<\/p>\n\n<p>SA THIBAUT<\/p>\n\n<p>Avenue de Bischwiller, ZI Est<\/p>\n\n<p>14500 Vire-Normandie, Francia<\/p>\n\n<p>Tel\u00e9fono: +33 (0)2 31 66 68 00<\/p>\n\n<p>https:\/\/www.thibaut.fr est\u00e1 representado por Jacques Thibaut, Presidente Director General.<\/p>\n\n<p>Como responsable del tratamiento de los datos que recoge, https:\/\/www.thibaut.fr se compromete a respetar el marco de las disposiciones legales vigentes. Le corresponde establecer las finalidades de sus tratamientos de datos, proporcionar a sus prospectos y clientes, a partir de la recogida de sus consentimientos, una informaci\u00f3n completa sobre el tratamiento de sus datos personales y mantener un registro de tratamientos conforme a la realidad. <\/p>\n\n<p>Cada vez que https:\/\/www.thibaut.fr trata Datos Personales, https:\/\/www.thibaut.fr toma todas las medidas razonables para garantizar la exactitud y pertinencia de los Datos Personales con respecto a las finalidades para las que https:\/\/www.thibaut.fr los trata.<\/p>\n\n<p><\/p>\n\n<h3 class=\"wp-block-heading\" id=\"h-2-finalite-des-donnees-collectees\"><strong>2. Finalidad de los datos recogidos<\/strong><\/h3>\n\n<p>https:\/\/www.thibaut.fr puede tratar la totalidad o parte de los datos:<\/p>\n\n<p>\u2022 para permitir la navegaci\u00f3n en el Sitio y la gesti\u00f3n y trazabilidad de las solicitudes: datos de conexi\u00f3n y de uso del Sitio<\/p>\n\n<p>\u2022 para responder a las solicitudes de informaci\u00f3n comercial<\/p>\n\n<p>\u2022 para tratar las solicitudes de servicio posventa (SAV)<\/p>\n\n<p>\u2022 para transmitir la solicitud al comercial de referencia de la zona geogr\u00e1fica correspondiente<\/p>\n\n<p>\u2022 para prevenir y luchar contra el fraude inform\u00e1tico (spamming, hacking&#8230;): equipo inform\u00e1tico utilizado para la navegaci\u00f3n, direcci\u00f3n IP<\/p>\n\n<p>\u2022 para mejorar la navegaci\u00f3n en el Sitio: datos de conexi\u00f3n y de uso<\/p>\n\n<p>\u2022 para realizar campa\u00f1as de comunicaci\u00f3n (email): direcci\u00f3n de correo electr\u00f3nico<\/p>\n\n<p>https:\/\/www.thibaut.fr no comercializa sus datos personales, que por lo tanto solo se utilizan por necesidad o con fines estad\u00edsticos y de an\u00e1lisis.<\/p>\n\n<p><\/p>\n\n<h3 class=\"wp-block-heading\" id=\"h-3-droit-d-acces-de-rectification-et-d-opposition\"><strong>3. Derecho de acceso, rectificaci\u00f3n y oposici\u00f3n<\/strong><\/h3>\n\n<p>De conformidad con la normativa europea vigente, los Usuarios de https:\/\/www.thibaut.fr disponen de los siguientes derechos:<\/p>\n\n<p>\u2022 derecho de acceso (art\u00edculo 15 RGPD) y de rectificaci\u00f3n (art\u00edculo 16 RGPD), de actualizaci\u00f3n, de integridad de los datos de los Usuarios<\/p>\n\n<p>\u2022 derecho de bloqueo o supresi\u00f3n de los datos personales de los Usuarios (art\u00edculo 17 del RGPD), cuando sean inexactos, incompletos, equ\u00edvocos, caducados, o cuya recogida, uso, comunicaci\u00f3n o conservaci\u00f3n est\u00e9 prohibida<\/p>\n\n<p>\u2022 derecho a retirar en cualquier momento un consentimiento (art\u00edculo 13-2c RGPD)<\/p>\n\n<p>\u2022 derecho a la limitaci\u00f3n del tratamiento de los datos de los Usuarios (art\u00edculo 18 RGPD)<\/p>\n\n<p>\u2022 derecho de oposici\u00f3n al tratamiento de los datos de los Usuarios (art\u00edculo 21 RGPD)<\/p>\n\n<p>\u2022 derecho a la portabilidad de los datos que los Usuarios hayan proporcionado, cuando estos datos sean objeto de tratamientos automatizados basados en su consentimiento o en un contrato (art\u00edculo 20 RGPD)<\/p>\n\n<p>\u2022 derecho a definir el destino de los datos de los Usuarios despu\u00e9s de su muerte y a elegir a qui\u00e9n https:\/\/www.thibaut.fr deber\u00e1 comunicar (o no) sus datos a un tercero que haya designado previamente<\/p>\n\n<p>En cuanto https:\/\/www.thibaut.fr tenga conocimiento del fallecimiento de un Usuario y a falta de instrucciones por su parte, https:\/\/www.thibaut.fr se compromete a destruir sus datos, salvo si su conservaci\u00f3n resulta necesaria con fines probatorios o para responder a una obligaci\u00f3n legal.<\/p>\n\n<p>Si el Usuario desea saber c\u00f3mo https:\/\/www.thibaut.fr utiliza sus Datos Personales, solicitar su rectificaci\u00f3n u oponerse a su tratamiento, el Usuario puede contactar con https:\/\/www.thibaut.fr por escrito a la siguiente direcci\u00f3n:<\/p>\n\n<p>Delegado de Protecci\u00f3n de Datos (DPD): Baptiste Lebouteiller<\/p>\n\n<p>Correo electr\u00f3nico: dpo@thibaut.fr<\/p>\n\n<p>Direcci\u00f3n: SA THIBAUT, Avenue de Bischwiller, ZI Est, 14500 Vire-Normandie, Francia<\/p>\n\n<p>En este caso, el Usuario debe indicar los Datos Personales que desear\u00eda que https:\/\/www.thibaut.fr corrigiera, actualizara o suprimiera, identific\u00e1ndose con precisi\u00f3n con una copia de un documento de identidad (carn\u00e9 de identidad o pasaporte).<\/p>\n\n<p>Las solicitudes de supresi\u00f3n de Datos Personales estar\u00e1n sujetas a las obligaciones que se imponen a https:\/\/www.thibaut.fr por la ley, en particular en materia de conservaci\u00f3n o archivo de documentos.<\/p>\n\n<p>Por \u00faltimo, los Usuarios de https:\/\/www.thibaut.fr pueden presentar una reclamaci\u00f3n ante las autoridades de control, y en particular ante la CNIL (https:\/\/www.cnil.fr\/fr\/plaintes).<\/p>\n\n<p><\/p>\n\n<h3 class=\"wp-block-heading\" id=\"h-4-non-communication-des-donnees-personnelles\"><strong>4. No comunicaci\u00f3n de los datos personales<\/strong><\/h3>\n\n<p>https:\/\/www.thibaut.fr se proh\u00edbe tratar, alojar o transferir la Informaci\u00f3n recogida sobre sus Clientes a un pa\u00eds situado fuera de la Uni\u00f3n Europea o reconocido como \u00abno adecuado\u00bb por la Comisi\u00f3n Europea sin informar previamente al cliente.<\/p>\n\n<p>Sin embargo, https:\/\/www.thibaut.fr sigue siendo libre de elegir sus subcontratistas t\u00e9cnicos y comerciales a condici\u00f3n de que presenten las garant\u00edas suficientes con respecto a las exigencias del Reglamento General de Protecci\u00f3n de Datos (RGPD: n\u00b0 2016-679).<\/p>\n\n<p>https:\/\/www.thibaut.fr se compromete a tomar todas las precauciones necesarias para preservar la seguridad de la Informaci\u00f3n y en particular que no sea comunicada a personas no autorizadas. Sin embargo, si un incidente que afecte a la integridad o confidencialidad de la Informaci\u00f3n del Cliente llega a conocimiento de https:\/\/www.thibaut.fr, este deber\u00e1 informar al Cliente lo antes posible y comunicarle las medidas de correcci\u00f3n adoptadas. <\/p>\n\n<p>Por otra parte, https:\/\/www.thibaut.fr no recoge ning\u00fan \u00abdato sensible\u00bb.<\/p>\n\n<p>Los Datos Personales del Usuario pueden ser tratados por filiales de https:\/\/www.thibaut.fr y subcontratistas (proveedores de servicios), exclusivamente con el fin de realizar las finalidades de la presente pol\u00edtica.<\/p>\n\n<p>Dentro de los l\u00edmites de sus respectivas atribuciones y para las finalidades mencionadas anteriormente, las principales personas susceptibles de tener acceso a los datos de los Usuarios de https:\/\/www.thibaut.fr son principalmente los agentes de nuestro servicio comercial y del servicio posventa.<\/p>\n\n<p><\/p>\n\n<h3 class=\"wp-block-heading\" id=\"h-5-types-de-donnees-collectees\"><strong>5. Tipos de datos recogidos<\/strong><\/h3>\n\n<p>En cuanto a los usuarios del Sitio https:\/\/www.thibaut.fr, recogemos los siguientes datos, que son indispensables para el funcionamiento del servicio y que ser\u00e1n conservados durante un per\u00edodo m\u00e1ximo de 3 a\u00f1os despu\u00e9s del \u00faltimo contacto:<\/p>\n\n<p>\u2022 Nombre y apellidos<\/p>\n\n<p>\u2022 Direcci\u00f3n de correo electr\u00f3nico<\/p>\n\n<p>\u2022 N\u00famero de tel\u00e9fono<\/p>\n\n<p>\u2022 Nombre de la empresa<\/p>\n\n<p>\u2022 Pa\u00eds y c\u00f3digo postal<\/p>\n\n<p>\u2022 Direcci\u00f3n IP<\/p>\n\n<p>https:\/\/www.thibaut.fr tambi\u00e9n recoge informaci\u00f3n que permite mejorar la experiencia del usuario y ofrecer contenidos contextualizados:<\/p>\n\n<p>\u2022 Datos de navegaci\u00f3n a trav\u00e9s de Google Analytics<\/p>\n\n<p>\u2022 Datos de geolocalizaci\u00f3n para la visualizaci\u00f3n de mapas<\/p>\n\n<p>Estos datos se conservan durante un per\u00edodo m\u00e1ximo de 13 meses.<\/p>\n\n<p><\/p>\n\n<h3 class=\"wp-block-heading\" id=\"h-6-notification-d-incident\"><strong>6. Notificaci\u00f3n de incidentes<\/strong><\/h3>\n\n<p>Cualesquiera que sean los esfuerzos realizados, ning\u00fan m\u00e9todo de transmisi\u00f3n en Internet y ning\u00fan m\u00e9todo de almacenamiento electr\u00f3nico es completamente seguro. Por lo tanto, no podemos garantizar una seguridad absoluta. <\/p>\n\n<p>Si tuvi\u00e9ramos conocimiento de una brecha de seguridad, notificar\u00edamos a los usuarios afectados para que puedan tomar las medidas apropiadas. Nuestros procedimientos de notificaci\u00f3n de incidentes tienen en cuenta nuestras obligaciones legales, ya sea a nivel nacional o europeo. <\/p>\n\n<p>Nos comprometemos a informar plenamente a nuestros clientes de todas las cuestiones relativas a la seguridad de su cuenta y a proporcionarles toda la informaci\u00f3n necesaria para ayudarles a cumplir sus propias obligaciones reglamentarias en materia de notificaci\u00f3n.<\/p>\n\n<p>Ninguna informaci\u00f3n personal del usuario del sitio https:\/\/www.thibaut.fr se publica sin el conocimiento del usuario, se intercambia, transfiere, cede o vende en cualquier soporte a terceros.<\/p>\n\n<p><\/p>\n\n<h3 class=\"wp-block-heading\" id=\"h-7-securite\"><strong>7. Seguridad<\/strong><\/h3>\n\n<p>Para garantizar la seguridad y confidencialidad de los Datos Personales, https:\/\/www.thibaut.fr utiliza redes protegidas por dispositivos est\u00e1ndar como cortafuegos y contrase\u00f1as.<\/p>\n\n<p>Durante el tratamiento de los Datos Personales, https:\/\/www.thibaut.fr toma todas las medidas razonables para protegerlos contra cualquier p\u00e9rdida, uso indebido, acceso no autorizado, divulgaci\u00f3n, alteraci\u00f3n o destrucci\u00f3n.<\/p>\n\n<p><\/p>\n\n<h3 class=\"wp-block-heading\" id=\"h-8-cookies\"><strong>8. Cookies<\/strong><\/h3>\n\n<p>El sitio https:\/\/www.thibaut.fr utiliza cookies para mejorar la experiencia de navegaci\u00f3n. Un banner informativo le permite aceptar o rechazar el dep\u00f3sito de cookies durante su primera visita. <\/p>\n\n<p>Para m\u00e1s informaci\u00f3n sobre las cookies utilizadas y la gesti\u00f3n de sus preferencias, consulte nuestra Pol\u00edtica de cookies accesible desde el banner de consentimiento o el pie de p\u00e1gina del sitio.<\/p>\n\n<p><\/p>\n\n<h3 class=\"wp-block-heading\" id=\"h-9-contact\"><strong>9. Contacto<\/strong><\/h3>\n\n<p>Para cualquier pregunta relativa a esta pol\u00edtica de privacidad, puede contactarnos:<\/p>\n\n<p>Delegado de Protecci\u00f3n de Datos (DPD): Baptiste Lebouteiller<\/p>\n\n<p>Correo electr\u00f3nico: dpo@thibaut.fr<\/p>\n\n<p>SA THIBAUT<\/p>\n\n<p>Avenue de Bischwiller, ZI Est<\/p>\n\n<p>14500 Vire-Normandie, Francia<\/p>\n\n<p>Tel\u00e9fono: +33 (0)2 31 66 68 00<\/p>\n","protected":false},"excerpt":{"rendered":"<p>Pol\u00edtica de privacidad \u00daltima actualizaci\u00f3n: Marzo 2026 El Cliente est\u00e1 informado de las normativas relativas a la comunicaci\u00f3n de marketing, la Ley de 21 de junio de 2014 sobre la confianza en la econom\u00eda digital, la Ley de Protecci\u00f3n de Datos de 6 de agosto de 2004, as\u00ed como el Reglamento General de Protecci\u00f3n de [&hellip;]<\/p>\n","protected":false},"author":1,"featured_media":0,"parent":0,"menu_order":0,"comment_status":"closed","ping_status":"closed","template":"","meta":{"_acf_changed":false,"footnotes":""},"class_list":["post-15294","page","type-page","status-publish","hentry"],"acf":[],"yoast_head":"<!-- This site is optimized with the Yoast SEO Premium plugin v27.4 (Yoast SEO v27.4) - https:\/\/yoast.com\/product\/yoast-seo-premium-wordpress\/ -->\n<title>Pol\u00edtica de privacidad | Groupe Thibaut<\/title>\n<meta name=\"description\" content=\"Pol\u00edtica de privacidad \u00daltima actualizaci\u00f3n: Marzo 2026 El Cliente est\u00e1 informado de las normativas relativas a la comunicaci\u00f3n de marketing, la Ley de 21\" \/>\n<meta name=\"robots\" content=\"index, follow, max-snippet:-1, max-image-preview:large, max-video-preview:-1\" \/>\n<link rel=\"canonical\" href=\"https:\/\/www.thibaut.fr\/es\/politica-de-privacidad\/\" \/>\n<meta property=\"og:locale\" content=\"es_ES\" \/>\n<meta property=\"og:type\" content=\"article\" \/>\n<meta property=\"og:title\" content=\"Pol\u00edtica de privacidad\" \/>\n<meta property=\"og:description\" content=\"Thibaut, constructeur fran\u00e7ais de machines outils pour la pierre depuis 1959.\" \/>\n<meta property=\"og:url\" content=\"https:\/\/www.thibaut.fr\/es\/politica-de-privacidad\/\" \/>\n<meta property=\"og:site_name\" content=\"Groupe Thibaut\" \/>\n<meta property=\"article:publisher\" content=\"https:\/\/www.facebook.com\/thibautgroupe\" \/>\n<meta property=\"article:modified_time\" content=\"2026-03-04T17:42:50+00:00\" \/>\n<meta property=\"og:image\" content=\"https:\/\/www.thibaut.fr\/wp-content\/uploads\/2022\/04\/Logo-THIBAUT-CMJN.jpg\" \/>\n\t<meta property=\"og:image:width\" content=\"1181\" \/>\n\t<meta property=\"og:image:height\" content=\"286\" \/>\n\t<meta property=\"og:image:type\" content=\"image\/jpeg\" \/>\n<meta name=\"twitter:card\" content=\"summary_large_image\" \/>\n<meta name=\"twitter:label1\" content=\"Tiempo de lectura\" \/>\n\t<meta name=\"twitter:data1\" content=\"8 minutos\" \/>\n<script type=\"application\/ld+json\" class=\"yoast-schema-graph\">{\"@context\":\"https:\\\/\\\/schema.org\",\"@graph\":[{\"@type\":\"WebPage\",\"@id\":\"https:\\\/\\\/www.thibaut.fr\\\/es\\\/politica-de-privacidad\\\/\",\"url\":\"https:\\\/\\\/www.thibaut.fr\\\/es\\\/politica-de-privacidad\\\/\",\"name\":\"Pol\u00edtica de privacidad | Groupe Thibaut\",\"isPartOf\":{\"@id\":\"https:\\\/\\\/www.thibaut.fr\\\/es\\\/#website\"},\"datePublished\":\"2026-03-04T16:33:14+00:00\",\"dateModified\":\"2026-03-04T17:42:50+00:00\",\"description\":\"Pol\u00edtica de privacidad \u00daltima actualizaci\u00f3n: Marzo 2026 El Cliente est\u00e1 informado de las normativas relativas a la comunicaci\u00f3n de marketing, la Ley de 21\",\"breadcrumb\":{\"@id\":\"https:\\\/\\\/www.thibaut.fr\\\/es\\\/politica-de-privacidad\\\/#breadcrumb\"},\"inLanguage\":\"es\",\"potentialAction\":[{\"@type\":\"ReadAction\",\"target\":[\"https:\\\/\\\/www.thibaut.fr\\\/es\\\/politica-de-privacidad\\\/\"]}]},{\"@type\":\"BreadcrumbList\",\"@id\":\"https:\\\/\\\/www.thibaut.fr\\\/es\\\/politica-de-privacidad\\\/#breadcrumb\",\"itemListElement\":[{\"@type\":\"ListItem\",\"position\":1,\"name\":\"Accueil\",\"item\":\"https:\\\/\\\/www.thibaut.fr\\\/es\\\/\"},{\"@type\":\"ListItem\",\"position\":2,\"name\":\"Pol\u00edtica de privacidad\"}]},{\"@type\":\"WebSite\",\"@id\":\"https:\\\/\\\/www.thibaut.fr\\\/es\\\/#website\",\"url\":\"https:\\\/\\\/www.thibaut.fr\\\/es\\\/\",\"name\":\"Groupe Thibaut\",\"description\":\"L&#039;excellence au service de la pierre depuis 1959\",\"publisher\":{\"@id\":\"https:\\\/\\\/www.thibaut.fr\\\/es\\\/#organization\"},\"alternateName\":\"Thibaut\",\"potentialAction\":[{\"@type\":\"SearchAction\",\"target\":{\"@type\":\"EntryPoint\",\"urlTemplate\":\"https:\\\/\\\/www.thibaut.fr\\\/es\\\/?s={search_term_string}\"},\"query-input\":{\"@type\":\"PropertyValueSpecification\",\"valueRequired\":true,\"valueName\":\"search_term_string\"}}],\"inLanguage\":\"es\"},{\"@type\":\"Organization\",\"@id\":\"https:\\\/\\\/www.thibaut.fr\\\/es\\\/#organization\",\"name\":\"Groupe Thibaut\",\"alternateName\":\"Thibaut\",\"url\":\"https:\\\/\\\/www.thibaut.fr\\\/es\\\/\",\"logo\":{\"@type\":\"ImageObject\",\"inLanguage\":\"es\",\"@id\":\"https:\\\/\\\/www.thibaut.fr\\\/es\\\/#\\\/schema\\\/logo\\\/image\\\/\",\"url\":\"https:\\\/\\\/www.thibaut.fr\\\/wp-content\\\/uploads\\\/2025\\\/12\\\/Logo-THIBAUT-CMJN.jpg\",\"contentUrl\":\"https:\\\/\\\/www.thibaut.fr\\\/wp-content\\\/uploads\\\/2025\\\/12\\\/Logo-THIBAUT-CMJN.jpg\",\"width\":1181,\"height\":286,\"caption\":\"Groupe Thibaut\"},\"image\":{\"@id\":\"https:\\\/\\\/www.thibaut.fr\\\/es\\\/#\\\/schema\\\/logo\\\/image\\\/\"},\"sameAs\":[\"https:\\\/\\\/www.facebook.com\\\/thibautgroupe\",\"https:\\\/\\\/www.instagram.com\\\/thibautgroupe\\\/\",\"https:\\\/\\\/www.youtube.com\\\/channel\\\/UC4yln9Xigw8FvApMJU5c_HA\",\"https:\\\/\\\/www.linkedin.com\\\/company\\\/thibaut-sa\\\/\"],\"description\":\"Manufacturing company\",\"email\":\"marketing@thibaut.fr\",\"telephone\":\"+33(0)2 31 66 68 00\",\"legalName\":\"Thibaut\",\"foundingDate\":\"1959-01-01\",\"vatID\":\"FR00377782792\",\"taxID\":\"37778279200016\",\"numberOfEmployees\":{\"@type\":\"QuantitativeValue\",\"minValue\":\"51\",\"maxValue\":\"200\"}}]}<\/script>\n<!-- \/ Yoast SEO Premium plugin. -->","yoast_head_json":{"title":"Pol\u00edtica de privacidad | Groupe Thibaut","description":"Pol\u00edtica de privacidad \u00daltima actualizaci\u00f3n: Marzo 2026 El Cliente est\u00e1 informado de las normativas relativas a la comunicaci\u00f3n de marketing, la Ley de 21","robots":{"index":"index","follow":"follow","max-snippet":"max-snippet:-1","max-image-preview":"max-image-preview:large","max-video-preview":"max-video-preview:-1"},"canonical":"https:\/\/www.thibaut.fr\/es\/politica-de-privacidad\/","og_locale":"es_ES","og_type":"article","og_title":"Pol\u00edtica de privacidad","og_description":"Thibaut, constructeur fran\u00e7ais de machines outils pour la pierre depuis 1959.","og_url":"https:\/\/www.thibaut.fr\/es\/politica-de-privacidad\/","og_site_name":"Groupe Thibaut","article_publisher":"https:\/\/www.facebook.com\/thibautgroupe","article_modified_time":"2026-03-04T17:42:50+00:00","og_image":[{"width":1181,"height":286,"url":"https:\/\/www.thibaut.fr\/wp-content\/uploads\/2022\/04\/Logo-THIBAUT-CMJN.jpg","type":"image\/jpeg"}],"twitter_card":"summary_large_image","twitter_misc":{"Tiempo de lectura":"8 minutos"},"schema":{"@context":"https:\/\/schema.org","@graph":[{"@type":"WebPage","@id":"https:\/\/www.thibaut.fr\/es\/politica-de-privacidad\/","url":"https:\/\/www.thibaut.fr\/es\/politica-de-privacidad\/","name":"Pol\u00edtica de privacidad | Groupe Thibaut","isPartOf":{"@id":"https:\/\/www.thibaut.fr\/es\/#website"},"datePublished":"2026-03-04T16:33:14+00:00","dateModified":"2026-03-04T17:42:50+00:00","description":"Pol\u00edtica de privacidad \u00daltima actualizaci\u00f3n: Marzo 2026 El Cliente est\u00e1 informado de las normativas relativas a la comunicaci\u00f3n de marketing, la Ley de 21","breadcrumb":{"@id":"https:\/\/www.thibaut.fr\/es\/politica-de-privacidad\/#breadcrumb"},"inLanguage":"es","potentialAction":[{"@type":"ReadAction","target":["https:\/\/www.thibaut.fr\/es\/politica-de-privacidad\/"]}]},{"@type":"BreadcrumbList","@id":"https:\/\/www.thibaut.fr\/es\/politica-de-privacidad\/#breadcrumb","itemListElement":[{"@type":"ListItem","position":1,"name":"Accueil","item":"https:\/\/www.thibaut.fr\/es\/"},{"@type":"ListItem","position":2,"name":"Pol\u00edtica de privacidad"}]},{"@type":"WebSite","@id":"https:\/\/www.thibaut.fr\/es\/#website","url":"https:\/\/www.thibaut.fr\/es\/","name":"Groupe Thibaut","description":"L&#039;excellence au service de la pierre depuis 1959","publisher":{"@id":"https:\/\/www.thibaut.fr\/es\/#organization"},"alternateName":"Thibaut","potentialAction":[{"@type":"SearchAction","target":{"@type":"EntryPoint","urlTemplate":"https:\/\/www.thibaut.fr\/es\/?s={search_term_string}"},"query-input":{"@type":"PropertyValueSpecification","valueRequired":true,"valueName":"search_term_string"}}],"inLanguage":"es"},{"@type":"Organization","@id":"https:\/\/www.thibaut.fr\/es\/#organization","name":"Groupe Thibaut","alternateName":"Thibaut","url":"https:\/\/www.thibaut.fr\/es\/","logo":{"@type":"ImageObject","inLanguage":"es","@id":"https:\/\/www.thibaut.fr\/es\/#\/schema\/logo\/image\/","url":"https:\/\/www.thibaut.fr\/wp-content\/uploads\/2025\/12\/Logo-THIBAUT-CMJN.jpg","contentUrl":"https:\/\/www.thibaut.fr\/wp-content\/uploads\/2025\/12\/Logo-THIBAUT-CMJN.jpg","width":1181,"height":286,"caption":"Groupe Thibaut"},"image":{"@id":"https:\/\/www.thibaut.fr\/es\/#\/schema\/logo\/image\/"},"sameAs":["https:\/\/www.facebook.com\/thibautgroupe","https:\/\/www.instagram.com\/thibautgroupe\/","https:\/\/www.youtube.com\/channel\/UC4yln9Xigw8FvApMJU5c_HA","https:\/\/www.linkedin.com\/company\/thibaut-sa\/"],"description":"Manufacturing company","email":"marketing@thibaut.fr","telephone":"+33(0)2 31 66 68 00","legalName":"Thibaut","foundingDate":"1959-01-01","vatID":"FR00377782792","taxID":"37778279200016","numberOfEmployees":{"@type":"QuantitativeValue","minValue":"51","maxValue":"200"}}]}},"_links":{"self":[{"href":"https:\/\/www.thibaut.fr\/es\/wp-json\/wp\/v2\/pages\/15294","targetHints":{"allow":["GET"]}}],"collection":[{"href":"https:\/\/www.thibaut.fr\/es\/wp-json\/wp\/v2\/pages"}],"about":[{"href":"https:\/\/www.thibaut.fr\/es\/wp-json\/wp\/v2\/types\/page"}],"author":[{"embeddable":true,"href":"https:\/\/www.thibaut.fr\/es\/wp-json\/wp\/v2\/users\/1"}],"replies":[{"embeddable":true,"href":"https:\/\/www.thibaut.fr\/es\/wp-json\/wp\/v2\/comments?post=15294"}],"version-history":[{"count":0,"href":"https:\/\/www.thibaut.fr\/es\/wp-json\/wp\/v2\/pages\/15294\/revisions"}],"wp:attachment":[{"href":"https:\/\/www.thibaut.fr\/es\/wp-json\/wp\/v2\/media?parent=15294"}],"curies":[{"name":"wp","href":"https:\/\/api.w.org\/{rel}","templated":true}]}}