{"id":15286,"date":"2026-02-09T16:00:26","date_gmt":"2026-02-09T15:00:26","guid":{"rendered":"https:\/\/www.thibaut.fr\/aviso-legal\/"},"modified":"2026-03-04T18:23:21","modified_gmt":"2026-03-04T17:23:21","slug":"aviso-legal","status":"publish","type":"page","link":"https:\/\/www.thibaut.fr\/es\/aviso-legal\/","title":{"rendered":"Aviso legal"},"content":{"rendered":"\n<p><\/p>\n\n<p><em>\u00daltima actualizaci\u00f3n: Marzo 2026<\/em><\/p>\n\n<p>Cliente: cualquier profesional o persona f\u00edsica capaz en el sentido de los art\u00edculos 1123 y siguientes del C\u00f3digo Civil, o persona jur\u00eddica, que visita el Sitio objeto de estas condiciones generales.<\/p>\n\n<p>Servicios: https:\/\/www.thibaut.fr pone a disposici\u00f3n de los Clientes un sitio web de presentaci\u00f3n de las m\u00e1quinas y servicios de la empresa.<\/p>\n\n<p>Contenido: Todos los elementos que constituyen la informaci\u00f3n presente en el Sitio, en particular textos, im\u00e1genes y v\u00eddeos.<\/p>\n\n<p>Informaci\u00f3n del cliente: En adelante denominada \u00abInformaci\u00f3n(es)\u00bb que corresponde a todos los datos personales que pueden ser mantenidos por https:\/\/www.thibaut.fr para la gesti\u00f3n de la relaci\u00f3n con el cliente y con fines de an\u00e1lisis y estad\u00edsticas.<\/p>\n\n<p>Usuario: Internauta que se conecta y utiliza el sitio mencionado.<\/p>\n\n<p>Informaci\u00f3n personal: \u00abLa informaci\u00f3n que permite, de cualquier forma, directa o indirectamente, la identificaci\u00f3n de las personas f\u00edsicas a las que se aplica\u00bb (art\u00edculo 4 de la Ley n\u00b0 78-17 de 6 de enero de 1978).<\/p>\n\n<p>Los t\u00e9rminos \u00abdatos personales\u00bb, \u00abpersona interesada\u00bb, \u00abencargado del tratamiento\u00bb y \u00abdatos sensibles\u00bb tienen el significado definido por el Reglamento General de Protecci\u00f3n de Datos (RGPD: n\u00b0 2016-679).<\/p>\n\n<p><\/p>\n\n<p><\/p>\n\n<h3 class=\"wp-block-heading\" id=\"h-1-presentation-du-site-internet\"><strong>1. Presentaci\u00f3n del sitio web<\/strong><\/h3>\n\n<p>De conformidad con el art\u00edculo 6 de la Ley n\u00b0 2004-575 de 21 de junio de 2004 sobre la confianza en la econom\u00eda digital, se informa a los usuarios del sitio web https:\/\/www.thibaut.fr de la identidad de las distintas partes implicadas en su creaci\u00f3n y seguimiento:<\/p>\n\n<p>Propietario: SA THIBAUT<\/p>\n\n<p>Capital social: 909.000 \u20ac<\/p>\n\n<p>SIREN: 377 782 792<\/p>\n\n<p>SIRET (sede): 377 782 792 00016<\/p>\n\n<p>N\u00famero de IVA intracomunitario: FR 00 377 782 792<\/p>\n\n<p>Direcci\u00f3n: Avenue de Bischwiller, ZI Est, 14500 Vire-Normandie, Francia<\/p>\n\n<p>Tel\u00e9fono: +33 (0)2 31 66 68 00<\/p>\n\n<p>Presidente Director General: Jacques Thibaut<\/p>\n\n<p>Responsable de publicaci\u00f3n: Baptiste Lebouteiller \u2013 marketing@thibaut.fr<\/p>\n\n<p>El responsable de publicaci\u00f3n es una persona f\u00edsica.<\/p>\n\n<p>Webmaster: Baptiste Lebouteiller \u2013 marketing@thibaut.fr<\/p>\n\n<p>Alojamiento: OVHcloud \u2013 2 rue Kellermann, 59100 Roubaix, Francia \u2013 www.ovhcloud.com<\/p>\n\n<p>Delegado de Protecci\u00f3n de Datos (DPD): Baptiste Lebouteiller \u2013 dpo@thibaut.fr<\/p>\n\n<p><\/p>\n\n<p><\/p>\n\n<h3 class=\"wp-block-heading\" id=\"h-2-conditions-generales-d-utilisation-du-site-et-des-services-proposes\"><strong>2. Condiciones generales de uso del sitio y de los servicios ofrecidos<\/strong><\/h3>\n\n<p>El Sitio constituye una obra del esp\u00edritu protegida por las disposiciones del C\u00f3digo de la Propiedad Intelectual y las Normativas Internacionales aplicables. El Cliente no puede en ning\u00fan caso reutilizar, ceder o explotar para su propia cuenta la totalidad o parte de los elementos o trabajos del Sitio. <\/p>\n\n<p>El uso del sitio https:\/\/www.thibaut.fr implica la aceptaci\u00f3n plena y completa de las condiciones de uso descritas a continuaci\u00f3n. Estas condiciones de uso pueden ser modificadas o completadas en cualquier momento, por lo que se invita a los usuarios del sitio https:\/\/www.thibaut.fr a consultarlas regularmente. <\/p>\n\n<p>Este sitio web es normalmente accesible para los usuarios en todo momento. Sin embargo, https:\/\/www.thibaut.fr puede decidir una interrupci\u00f3n por motivos de mantenimiento t\u00e9cnico, esforz\u00e1ndose entonces en comunicar previamente a los usuarios las fechas y horas de la intervenci\u00f3n. El sitio web https:\/\/www.thibaut.fr se actualiza regularmente. Del mismo modo, el aviso legal puede modificarse en cualquier momento: no obstante, se impone al usuario, que est\u00e1 invitado a consultarlo lo m\u00e1s a menudo posible para tomar conocimiento del mismo.   <\/p>\n\n<p><\/p>\n\n<p><\/p>\n\n<h3 class=\"wp-block-heading\" id=\"h-3-description-des-services-fournis\"><strong>3. Descripci\u00f3n de los servicios proporcionados<\/strong><\/h3>\n\n<p>El sitio web https:\/\/www.thibaut.fr tiene por objeto proporcionar informaci\u00f3n sobre todas las actividades de la empresa, y en particular la presentaci\u00f3n de m\u00e1quinas para el trabajo de la piedra. https:\/\/www.thibaut.fr se esfuerza en proporcionar en el sitio informaci\u00f3n lo m\u00e1s precisa posible. Sin embargo, no podr\u00e1 ser considerado responsable de las omisiones, inexactitudes y deficiencias en la actualizaci\u00f3n, ya sean de su parte o de terceros socios que le proporcionan esta informaci\u00f3n.  <\/p>\n\n<p>Toda la informaci\u00f3n indicada en el sitio https:\/\/www.thibaut.fr se proporciona a t\u00edtulo indicativo y est\u00e1 sujeta a cambios. Adem\u00e1s, la informaci\u00f3n que figura en el sitio https:\/\/www.thibaut.fr no es exhaustiva. Se proporciona con reserva de las modificaciones que se hayan realizado desde su puesta en l\u00ednea.  <\/p>\n\n<p><\/p>\n\n<p><\/p>\n\n<h3 class=\"wp-block-heading\" id=\"h-4-limitations-contractuelles-sur-les-donnees-techniques\"><strong>4. Limitaciones contractuales sobre datos t\u00e9cnicos<\/strong><\/h3>\n\n<p>El sitio utiliza tecnolog\u00eda JavaScript. El sitio web no puede ser considerado responsable de los da\u00f1os materiales relacionados con el uso del sitio. Adem\u00e1s, el usuario del sitio se compromete a acceder al sitio utilizando un equipo reciente, libre de virus y con un navegador de \u00faltima generaci\u00f3n actualizado.  <\/p>\n\n<p>El sitio https:\/\/www.thibaut.fr est\u00e1 alojado en un proveedor en la Uni\u00f3n Europea de conformidad con las disposiciones del Reglamento General de Protecci\u00f3n de Datos (RGPD: n\u00b0 2016-679).<\/p>\n\n<p>El objetivo es proporcionar un servicio que garantice la mejor tasa de accesibilidad. El alojador asegura la continuidad de su servicio las 24 horas del d\u00eda, todos los d\u00edas del a\u00f1o. Sin embargo, se reserva el derecho de interrumpir el servicio de alojamiento por los per\u00edodos m\u00e1s cortos posibles, en particular con fines de mantenimiento, para mejorar su infraestructura, en caso de fallo de su infraestructura, o si los Servicios generan un tr\u00e1fico anormalmente alto.  <\/p>\n\n<p>https:\/\/www.thibaut.fr y el alojador no pueden ser considerados responsables en caso de mal funcionamiento de la red de Internet, de las l\u00edneas telef\u00f3nicas o del equipo inform\u00e1tico y telef\u00f3nico vinculado, en particular, a la congesti\u00f3n de la red que impide el acceso al servidor.<\/p>\n\n<p><\/p>\n\n<p><\/p>\n\n<h3 class=\"wp-block-heading\" id=\"h-5-propriete-intellectuelle-et-contrefacons\"><strong>5. Propiedad intelectual y falsificaci\u00f3n<\/strong><\/h3>\n\n<p>https:\/\/www.thibaut.fr es propietario de los derechos de propiedad intelectual y posee los derechos de uso sobre todos los elementos accesibles en el sitio web, en particular textos, im\u00e1genes, gr\u00e1ficos, logotipos, v\u00eddeos, iconos y sonidos. Cualquier reproducci\u00f3n, representaci\u00f3n, modificaci\u00f3n, publicaci\u00f3n, adaptaci\u00f3n de todo o parte de los elementos del sitio, cualquiera que sea el medio o el procedimiento utilizado, est\u00e1 prohibida, salvo autorizaci\u00f3n escrita previa de: https:\/\/www.thibaut.fr. <\/p>\n\n<p>Cualquier uso no autorizado del sitio o de cualquiera de los elementos que contiene ser\u00e1 considerado como constitutivo de una falsificaci\u00f3n y perseguido de conformidad con las disposiciones de los art\u00edculos L.335-2 y siguientes del C\u00f3digo de la Propiedad Intelectual.<\/p>\n\n<p><\/p>\n\n<p><\/p>\n\n<h3 class=\"wp-block-heading\" id=\"h-6-limitations-de-responsabilite\"><strong>6. Limitaciones de responsabilidad<\/strong><\/h3>\n\n<p>https:\/\/www.thibaut.fr act\u00faa como editor del sitio. https:\/\/www.thibaut.fr es responsable de la calidad y veracidad del Contenido que publica. <\/p>\n\n<p>https:\/\/www.thibaut.fr no puede ser considerado responsable de los da\u00f1os directos e indirectos causados al equipo del usuario al acceder al sitio web https:\/\/www.thibaut.fr, que resulten del uso de un equipo que no cumpla con las especificaciones indicadas en el punto 4, o de la aparici\u00f3n de un error o incompatibilidad.<\/p>\n\n<p>https:\/\/www.thibaut.fr tampoco puede ser considerado responsable de los da\u00f1os indirectos (como, por ejemplo, p\u00e9rdida de mercado o p\u00e9rdida de oportunidad) derivados del uso del sitio https:\/\/www.thibaut.fr.<\/p>\n\n<p>Se ponen a disposici\u00f3n de los usuarios espacios interactivos (posibilidad de hacer preguntas en el espacio de contacto). https:\/\/www.thibaut.fr se reserva el derecho de eliminar, sin aviso previo, cualquier contenido publicado en este espacio que contravenga la legislaci\u00f3n aplicable en Francia, en particular las disposiciones relativas a la protecci\u00f3n de datos. En su caso, https:\/\/www.thibaut.fr se reserva tambi\u00e9n la posibilidad de impugnar la responsabilidad civil y\/o penal del usuario, en particular en caso de mensaje de car\u00e1cter racista, injurioso, difamatorio o pornogr\u00e1fico, cualquiera que sea el soporte utilizado (texto, fotograf\u00eda, etc.).  <\/p>\n\n<p><\/p>\n\n<p><\/p>\n\n<h3 class=\"wp-block-heading\" id=\"h-7-droit-applicable-et-attribution-de-juridiction\"><strong>7. Derecho aplicable y jurisdicci\u00f3n<\/strong><\/h3>\n\n<p>Cualquier litigio relacionado con el uso del sitio https:\/\/www.thibaut.fr est\u00e1 sujeto al derecho franc\u00e9s. Salvo en los casos en que la ley no lo permita, se atribuye jurisdicci\u00f3n exclusiva a los tribunales competentes de Caen. <\/p>\n\n<p><\/p>\n\n<p><\/p>\n\n<h3 class=\"wp-block-heading\" id=\"h-8-liens-hypertextes\"><strong>8. Enlaces de hipertexto<\/strong><\/h3>\n\n<p>El sitio https:\/\/www.thibaut.fr contiene varios enlaces de hipertexto a otros sitios, establecidos con la autorizaci\u00f3n de https:\/\/www.thibaut.fr. Sin embargo, https:\/\/www.thibaut.fr no tiene la posibilidad de verificar el contenido de los sitios as\u00ed visitados, y no asumir\u00e1 ninguna responsabilidad a este respecto. <\/p>\n\n<p><\/p>\n\n<p><\/p>\n\n<h3 class=\"wp-block-heading\" id=\"h-9-contact\"><strong>9. Contacto<\/strong><\/h3>\n\n<p>Para cualquier pregunta relativa a este aviso legal, puede contactarnos:<\/p>\n\n<p>SA THIBAUT<\/p>\n\n<p>Avenue de Bischwiller, ZI Est<\/p>\n\n<p>14500 Vire-Normandie, Francia<\/p>\n\n<p>Tel\u00e9fono: +33 (0)2 31 66 68 00<\/p>\n\n<p>Correo electr\u00f3nico: marketing@thibaut.fr<\/p>\n","protected":false},"excerpt":{"rendered":"<p>\u00daltima actualizaci\u00f3n: Marzo 2026 Cliente: cualquier profesional o persona f\u00edsica capaz en el sentido de los art\u00edculos 1123 y siguientes del C\u00f3digo Civil, o persona jur\u00eddica, que visita el Sitio objeto de estas condiciones generales. Servicios: https:\/\/www.thibaut.fr pone a disposici\u00f3n de los Clientes un sitio web de presentaci\u00f3n de las m\u00e1quinas y servicios de la [&hellip;]<\/p>\n","protected":false},"author":1,"featured_media":0,"parent":0,"menu_order":0,"comment_status":"closed","ping_status":"closed","template":"","meta":{"_acf_changed":false,"footnotes":""},"class_list":["post-15286","page","type-page","status-publish","hentry"],"acf":[],"yoast_head":"<!-- This site is optimized with the Yoast SEO Premium plugin v27.4 (Yoast SEO v27.4) - https:\/\/yoast.com\/product\/yoast-seo-premium-wordpress\/ -->\n<title>Aviso legal | Groupe Thibaut<\/title>\n<meta name=\"description\" content=\"\u00daltima actualizaci\u00f3n: Marzo 2026 Cliente: cualquier profesional o persona f\u00edsica capaz en el sentido de los art\u00edculos 1123 y siguientes del C\u00f3digo Civil,\" \/>\n<meta name=\"robots\" content=\"index, follow, max-snippet:-1, max-image-preview:large, max-video-preview:-1\" \/>\n<link rel=\"canonical\" href=\"https:\/\/www.thibaut.fr\/es\/aviso-legal\/\" \/>\n<meta property=\"og:locale\" content=\"es_ES\" \/>\n<meta property=\"og:type\" content=\"article\" \/>\n<meta property=\"og:title\" content=\"Aviso legal\" \/>\n<meta property=\"og:description\" content=\"Thibaut, constructeur fran\u00e7ais de machines outils pour la pierre depuis 1959.\" \/>\n<meta property=\"og:url\" content=\"https:\/\/www.thibaut.fr\/es\/aviso-legal\/\" \/>\n<meta property=\"og:site_name\" content=\"Groupe Thibaut\" \/>\n<meta property=\"article:publisher\" content=\"https:\/\/www.facebook.com\/thibautgroupe\" \/>\n<meta property=\"article:modified_time\" content=\"2026-03-04T17:23:21+00:00\" \/>\n<meta property=\"og:image\" content=\"https:\/\/www.thibaut.fr\/wp-content\/uploads\/2022\/04\/Logo-THIBAUT-CMJN.jpg\" \/>\n\t<meta property=\"og:image:width\" content=\"1181\" \/>\n\t<meta property=\"og:image:height\" content=\"286\" \/>\n\t<meta property=\"og:image:type\" content=\"image\/jpeg\" \/>\n<meta name=\"twitter:card\" content=\"summary_large_image\" \/>\n<meta name=\"twitter:label1\" content=\"Tiempo de lectura\" \/>\n\t<meta name=\"twitter:data1\" content=\"7 minutos\" \/>\n<script type=\"application\/ld+json\" class=\"yoast-schema-graph\">{\"@context\":\"https:\\\/\\\/schema.org\",\"@graph\":[{\"@type\":\"WebPage\",\"@id\":\"https:\\\/\\\/www.thibaut.fr\\\/es\\\/aviso-legal\\\/\",\"url\":\"https:\\\/\\\/www.thibaut.fr\\\/es\\\/aviso-legal\\\/\",\"name\":\"Aviso legal | Groupe Thibaut\",\"isPartOf\":{\"@id\":\"https:\\\/\\\/www.thibaut.fr\\\/es\\\/#website\"},\"datePublished\":\"2026-02-09T15:00:26+00:00\",\"dateModified\":\"2026-03-04T17:23:21+00:00\",\"description\":\"\u00daltima actualizaci\u00f3n: Marzo 2026 Cliente: cualquier profesional o persona f\u00edsica capaz en el sentido de los art\u00edculos 1123 y siguientes del C\u00f3digo Civil,\",\"breadcrumb\":{\"@id\":\"https:\\\/\\\/www.thibaut.fr\\\/es\\\/aviso-legal\\\/#breadcrumb\"},\"inLanguage\":\"es\",\"potentialAction\":[{\"@type\":\"ReadAction\",\"target\":[\"https:\\\/\\\/www.thibaut.fr\\\/es\\\/aviso-legal\\\/\"]}]},{\"@type\":\"BreadcrumbList\",\"@id\":\"https:\\\/\\\/www.thibaut.fr\\\/es\\\/aviso-legal\\\/#breadcrumb\",\"itemListElement\":[{\"@type\":\"ListItem\",\"position\":1,\"name\":\"Accueil\",\"item\":\"https:\\\/\\\/www.thibaut.fr\\\/es\\\/\"},{\"@type\":\"ListItem\",\"position\":2,\"name\":\"Aviso legal\"}]},{\"@type\":\"WebSite\",\"@id\":\"https:\\\/\\\/www.thibaut.fr\\\/es\\\/#website\",\"url\":\"https:\\\/\\\/www.thibaut.fr\\\/es\\\/\",\"name\":\"Groupe Thibaut\",\"description\":\"L&#039;excellence au service de la pierre depuis 1959\",\"publisher\":{\"@id\":\"https:\\\/\\\/www.thibaut.fr\\\/es\\\/#organization\"},\"alternateName\":\"Thibaut\",\"potentialAction\":[{\"@type\":\"SearchAction\",\"target\":{\"@type\":\"EntryPoint\",\"urlTemplate\":\"https:\\\/\\\/www.thibaut.fr\\\/es\\\/?s={search_term_string}\"},\"query-input\":{\"@type\":\"PropertyValueSpecification\",\"valueRequired\":true,\"valueName\":\"search_term_string\"}}],\"inLanguage\":\"es\"},{\"@type\":\"Organization\",\"@id\":\"https:\\\/\\\/www.thibaut.fr\\\/es\\\/#organization\",\"name\":\"Groupe Thibaut\",\"alternateName\":\"Thibaut\",\"url\":\"https:\\\/\\\/www.thibaut.fr\\\/es\\\/\",\"logo\":{\"@type\":\"ImageObject\",\"inLanguage\":\"es\",\"@id\":\"https:\\\/\\\/www.thibaut.fr\\\/es\\\/#\\\/schema\\\/logo\\\/image\\\/\",\"url\":\"https:\\\/\\\/www.thibaut.fr\\\/wp-content\\\/uploads\\\/2025\\\/12\\\/Logo-THIBAUT-CMJN.jpg\",\"contentUrl\":\"https:\\\/\\\/www.thibaut.fr\\\/wp-content\\\/uploads\\\/2025\\\/12\\\/Logo-THIBAUT-CMJN.jpg\",\"width\":1181,\"height\":286,\"caption\":\"Groupe Thibaut\"},\"image\":{\"@id\":\"https:\\\/\\\/www.thibaut.fr\\\/es\\\/#\\\/schema\\\/logo\\\/image\\\/\"},\"sameAs\":[\"https:\\\/\\\/www.facebook.com\\\/thibautgroupe\",\"https:\\\/\\\/www.instagram.com\\\/thibautgroupe\\\/\",\"https:\\\/\\\/www.youtube.com\\\/channel\\\/UC4yln9Xigw8FvApMJU5c_HA\",\"https:\\\/\\\/www.linkedin.com\\\/company\\\/thibaut-sa\\\/\"],\"description\":\"Manufacturing company\",\"email\":\"marketing@thibaut.fr\",\"telephone\":\"+33(0)2 31 66 68 00\",\"legalName\":\"Thibaut\",\"foundingDate\":\"1959-01-01\",\"vatID\":\"FR00377782792\",\"taxID\":\"37778279200016\",\"numberOfEmployees\":{\"@type\":\"QuantitativeValue\",\"minValue\":\"51\",\"maxValue\":\"200\"}}]}<\/script>\n<!-- \/ Yoast SEO Premium plugin. -->","yoast_head_json":{"title":"Aviso legal | Groupe Thibaut","description":"\u00daltima actualizaci\u00f3n: Marzo 2026 Cliente: cualquier profesional o persona f\u00edsica capaz en el sentido de los art\u00edculos 1123 y siguientes del C\u00f3digo Civil,","robots":{"index":"index","follow":"follow","max-snippet":"max-snippet:-1","max-image-preview":"max-image-preview:large","max-video-preview":"max-video-preview:-1"},"canonical":"https:\/\/www.thibaut.fr\/es\/aviso-legal\/","og_locale":"es_ES","og_type":"article","og_title":"Aviso legal","og_description":"Thibaut, constructeur fran\u00e7ais de machines outils pour la pierre depuis 1959.","og_url":"https:\/\/www.thibaut.fr\/es\/aviso-legal\/","og_site_name":"Groupe Thibaut","article_publisher":"https:\/\/www.facebook.com\/thibautgroupe","article_modified_time":"2026-03-04T17:23:21+00:00","og_image":[{"width":1181,"height":286,"url":"https:\/\/www.thibaut.fr\/wp-content\/uploads\/2022\/04\/Logo-THIBAUT-CMJN.jpg","type":"image\/jpeg"}],"twitter_card":"summary_large_image","twitter_misc":{"Tiempo de lectura":"7 minutos"},"schema":{"@context":"https:\/\/schema.org","@graph":[{"@type":"WebPage","@id":"https:\/\/www.thibaut.fr\/es\/aviso-legal\/","url":"https:\/\/www.thibaut.fr\/es\/aviso-legal\/","name":"Aviso legal | Groupe Thibaut","isPartOf":{"@id":"https:\/\/www.thibaut.fr\/es\/#website"},"datePublished":"2026-02-09T15:00:26+00:00","dateModified":"2026-03-04T17:23:21+00:00","description":"\u00daltima actualizaci\u00f3n: Marzo 2026 Cliente: cualquier profesional o persona f\u00edsica capaz en el sentido de los art\u00edculos 1123 y siguientes del C\u00f3digo Civil,","breadcrumb":{"@id":"https:\/\/www.thibaut.fr\/es\/aviso-legal\/#breadcrumb"},"inLanguage":"es","potentialAction":[{"@type":"ReadAction","target":["https:\/\/www.thibaut.fr\/es\/aviso-legal\/"]}]},{"@type":"BreadcrumbList","@id":"https:\/\/www.thibaut.fr\/es\/aviso-legal\/#breadcrumb","itemListElement":[{"@type":"ListItem","position":1,"name":"Accueil","item":"https:\/\/www.thibaut.fr\/es\/"},{"@type":"ListItem","position":2,"name":"Aviso legal"}]},{"@type":"WebSite","@id":"https:\/\/www.thibaut.fr\/es\/#website","url":"https:\/\/www.thibaut.fr\/es\/","name":"Groupe Thibaut","description":"L&#039;excellence au service de la pierre depuis 1959","publisher":{"@id":"https:\/\/www.thibaut.fr\/es\/#organization"},"alternateName":"Thibaut","potentialAction":[{"@type":"SearchAction","target":{"@type":"EntryPoint","urlTemplate":"https:\/\/www.thibaut.fr\/es\/?s={search_term_string}"},"query-input":{"@type":"PropertyValueSpecification","valueRequired":true,"valueName":"search_term_string"}}],"inLanguage":"es"},{"@type":"Organization","@id":"https:\/\/www.thibaut.fr\/es\/#organization","name":"Groupe Thibaut","alternateName":"Thibaut","url":"https:\/\/www.thibaut.fr\/es\/","logo":{"@type":"ImageObject","inLanguage":"es","@id":"https:\/\/www.thibaut.fr\/es\/#\/schema\/logo\/image\/","url":"https:\/\/www.thibaut.fr\/wp-content\/uploads\/2025\/12\/Logo-THIBAUT-CMJN.jpg","contentUrl":"https:\/\/www.thibaut.fr\/wp-content\/uploads\/2025\/12\/Logo-THIBAUT-CMJN.jpg","width":1181,"height":286,"caption":"Groupe Thibaut"},"image":{"@id":"https:\/\/www.thibaut.fr\/es\/#\/schema\/logo\/image\/"},"sameAs":["https:\/\/www.facebook.com\/thibautgroupe","https:\/\/www.instagram.com\/thibautgroupe\/","https:\/\/www.youtube.com\/channel\/UC4yln9Xigw8FvApMJU5c_HA","https:\/\/www.linkedin.com\/company\/thibaut-sa\/"],"description":"Manufacturing company","email":"marketing@thibaut.fr","telephone":"+33(0)2 31 66 68 00","legalName":"Thibaut","foundingDate":"1959-01-01","vatID":"FR00377782792","taxID":"37778279200016","numberOfEmployees":{"@type":"QuantitativeValue","minValue":"51","maxValue":"200"}}]}},"_links":{"self":[{"href":"https:\/\/www.thibaut.fr\/es\/wp-json\/wp\/v2\/pages\/15286","targetHints":{"allow":["GET"]}}],"collection":[{"href":"https:\/\/www.thibaut.fr\/es\/wp-json\/wp\/v2\/pages"}],"about":[{"href":"https:\/\/www.thibaut.fr\/es\/wp-json\/wp\/v2\/types\/page"}],"author":[{"embeddable":true,"href":"https:\/\/www.thibaut.fr\/es\/wp-json\/wp\/v2\/users\/1"}],"replies":[{"embeddable":true,"href":"https:\/\/www.thibaut.fr\/es\/wp-json\/wp\/v2\/comments?post=15286"}],"version-history":[{"count":0,"href":"https:\/\/www.thibaut.fr\/es\/wp-json\/wp\/v2\/pages\/15286\/revisions"}],"wp:attachment":[{"href":"https:\/\/www.thibaut.fr\/es\/wp-json\/wp\/v2\/media?parent=15286"}],"curies":[{"name":"wp","href":"https:\/\/api.w.org\/{rel}","templated":true}]}}