{"id":13665,"date":"2025-12-15T14:13:02","date_gmt":"2025-12-15T13:13:02","guid":{"rendered":"https:\/\/thibaut.thomasmichonneau.com\/formations\/"},"modified":"2026-03-17T14:11:57","modified_gmt":"2026-03-17T13:11:57","slug":"schulungen","status":"publish","type":"page","link":"https:\/\/www.thibaut.fr\/de\/schulungen\/","title":{"rendered":"Schulungen"},"content":{"rendered":"\t\t<div data-elementor-type=\"wp-page\" data-elementor-id=\"13665\" class=\"elementor elementor-13665 elementor-22\" data-elementor-post-type=\"page\">\n\t\t\t\t<div class=\"elementor-element elementor-element-4691306 e-flex e-con-boxed e-con e-parent\" data-id=\"4691306\" data-element_type=\"container\" data-e-type=\"container\" data-settings=\"{&quot;background_background&quot;:&quot;classic&quot;}\">\n\t\t\t\t\t<div class=\"e-con-inner\">\n\t\t<div class=\"elementor-element elementor-element-7d76f88 e-con-full e-flex e-con e-child\" data-id=\"7d76f88\" data-element_type=\"container\" data-e-type=\"container\">\n\t\t\t\t<div class=\"elementor-element elementor-element-d5a1f87 elementor-widget elementor-widget-heading\" data-id=\"d5a1f87\" data-element_type=\"widget\" data-e-type=\"widget\" data-widget_type=\"heading.default\">\n\t\t\t\t\t<h2 class=\"elementor-heading-title elementor-size-default\">Unsere Schulungen<\/h2>\t\t\t\t<\/div>\n\t\t\t\t<div class=\"elementor-element elementor-element-36f8a3d elementor-widget elementor-widget-text-editor\" data-id=\"36f8a3d\" data-element_type=\"widget\" data-e-type=\"widget\" data-widget_type=\"text-editor.default\">\n\t\t\t\t\t\t\t\t\t<p>Thibaut legt gro\u00dfen Wert darauf, dass die Teams seiner Kunden ihre Maschinen beherrschen und ihre Kompetenzen aufrechterhalten.<\/p>\t\t\t\t\t\t\t\t<\/div>\n\t\t\t\t<div class=\"elementor-element elementor-element-02b691c elementor-widget elementor-widget-button\" data-id=\"02b691c\" data-element_type=\"widget\" data-e-type=\"widget\" data-widget_type=\"button.default\">\n\t\t\t\t\t\t\t\t\t\t<a class=\"elementor-button elementor-button-link elementor-size-sm\" href=\"https:\/\/www.thibaut.fr\/wp-content\/uploads\/2024\/02\/Catalogue-de-formations-2023-internet_-maj-22-01-2024.pdf\" target=\"_blank\">\n\t\t\t\t\t\t<span class=\"elementor-button-content-wrapper\">\n\t\t\t\t\t\t\t\t\t<span class=\"elementor-button-text\">Katalog herunterladen<\/span>\n\t\t\t\t\t<\/span>\n\t\t\t\t\t<\/a>\n\t\t\t\t\t\t\t\t<\/div>\n\t\t\t\t<\/div>\n\t\t<div class=\"elementor-element elementor-element-e6be95b e-con-full e-flex e-con e-child\" data-id=\"e6be95b\" data-element_type=\"container\" data-e-type=\"container\">\n\t\t\t\t<div class=\"elementor-element elementor-element-bbee7f1 elementor-widget elementor-widget-image\" data-id=\"bbee7f1\" data-element_type=\"widget\" data-e-type=\"widget\" data-widget_type=\"image.default\">\n\t\t\t\t\t\t\t\t\t\t\t\t\t\t\t<img fetchpriority=\"high\" decoding=\"async\" width=\"800\" height=\"600\" src=\"https:\/\/www.thibaut.fr\/wp-content\/uploads\/2026\/01\/20190726_113754-1024x768.jpg\" class=\"attachment-large size-large wp-image-13666\" alt=\"\" srcset=\"https:\/\/www.thibaut.fr\/wp-content\/uploads\/2026\/01\/20190726_113754-1024x768.jpg 1024w, https:\/\/www.thibaut.fr\/wp-content\/uploads\/2026\/01\/20190726_113754-300x225.jpg 300w, https:\/\/www.thibaut.fr\/wp-content\/uploads\/2026\/01\/20190726_113754-768x576.jpg 768w, https:\/\/www.thibaut.fr\/wp-content\/uploads\/2026\/01\/20190726_113754-1536x1152.jpg 1536w, https:\/\/www.thibaut.fr\/wp-content\/uploads\/2026\/01\/20190726_113754-2048x1536.jpg 2048w\" sizes=\"(max-width: 800px) 100vw, 800px\" \/>\t\t\t\t\t\t\t\t\t\t\t\t\t\t\t<\/div>\n\t\t\t\t<\/div>\n\t\t\t\t\t<\/div>\n\t\t\t\t<\/div>\n\t\t<div class=\"elementor-element elementor-element-9c62c63 e-flex e-con-boxed e-con e-parent\" data-id=\"9c62c63\" data-element_type=\"container\" data-e-type=\"container\">\n\t\t\t\t\t<div class=\"e-con-inner\">\n\t\t<div class=\"elementor-element elementor-element-09d8621 e-con-full e-flex e-con e-child\" data-id=\"09d8621\" data-element_type=\"container\" data-e-type=\"container\">\n\t\t<div class=\"elementor-element elementor-element-b9a1b19 e-con-full e-flex e-con e-child\" data-id=\"b9a1b19\" data-element_type=\"container\" data-e-type=\"container\">\n\t\t\t\t<div class=\"elementor-element elementor-element-50c026f elementor-widget elementor-widget-heading\" data-id=\"50c026f\" data-element_type=\"widget\" data-e-type=\"widget\" data-widget_type=\"heading.default\">\n\t\t\t\t\t<h4 class=\"elementor-heading-title elementor-size-default\">Beherrschen Sie Ihre Maschinen, steigern Sie Ihre Leistung<\/h4>\t\t\t\t<\/div>\n\t\t\t\t<div class=\"elementor-element elementor-element-13417cc elementor-widget elementor-widget-text-editor\" data-id=\"13417cc\" data-element_type=\"widget\" data-e-type=\"widget\" data-widget_type=\"text-editor.default\">\n\t\t\t\t\t\t\t\t\t<p>Thibaut bietet Qualiopi-zertifizierte professionelle Schulungen an, die f\u00fcr alle Niveaus und Produktionsumgebungen geeignet sind.<\/p><p>Unsere Ausbilder \u2013 Maschinen- und Softwareexperten \u2013 begleiten jeden Bediener, um einen schnellen, zuverl\u00e4ssigen und nachhaltigen Kompetenzaufbau zu gew\u00e4hrleisten.<br><br><strong>Ihre Vorteile:<\/strong><\/p><ul><li>Auf Ihre Maschinen und Anwendungen zugeschnittene Schulungen<\/li><li>Schulungen vor Ort oder in unserem Technikzentrum<\/li><li>Zertifizierte Fachexperten als Ausbilder<\/li><li>Praktische Einarbeitung an realen Maschinen<\/li><li>Support und Dokumentation inklusive<\/li><li>F\u00f6rderf\u00e4higkeit (je nach Organisation)<\/li><\/ul>\t\t\t\t\t\t\t\t<\/div>\n\t\t\t\t<\/div>\n\t\t<div class=\"elementor-element elementor-element-699d79f e-con-full e-flex e-con e-child\" data-id=\"699d79f\" data-element_type=\"container\" data-e-type=\"container\">\n\t\t\t\t<div class=\"elementor-element elementor-element-ba8b68a elementor-widget elementor-widget-heading\" data-id=\"ba8b68a\" data-element_type=\"widget\" data-e-type=\"widget\" data-widget_type=\"heading.default\">\n\t\t\t\t\t<h4 class=\"elementor-heading-title elementor-size-default\">Unsere ma\u00dfgeschneiderten Schulungen<\/h4>\t\t\t\t<\/div>\n\t\t\t\t<div class=\"elementor-element elementor-element-7f83c15 elementor-widget elementor-widget-text-editor\" data-id=\"7f83c15\" data-element_type=\"widget\" data-e-type=\"widget\" data-widget_type=\"text-editor.default\">\n\t\t\t\t\t\t\t\t\t<p>Jeder Gesch\u00e4ftsbereich, jedes bearbeitete Material, jedes Werkzeug, jede Form\u2026 erfordert unterschiedliche F\u00e4higkeiten, daher bietet Thibaut SA spezifische und auf die Bed\u00fcrfnisse seiner Kunden zugeschnittene Schulungen an.<\/p><ul><li>Schulungen zur verwendeten Bearbeitungsmaschine<\/li><li>Schulungen zu Thibaut Software<\/li><li>Schulungen zur Bedienung von Thibaut Maschinen<\/li><li>Schulungen zur Nutzung von Thibaut Maschinenoptionen<\/li><li>Schulungen zur Verwendung von Thibaut Werkzeugen<\/li><li>Wartungsschulung<\/li><li>Schulung auf Anfrage<\/li><\/ul>\t\t\t\t\t\t\t\t<\/div>\n\t\t\t\t<\/div>\n\t\t<div class=\"elementor-element elementor-element-d01c6e4 e-con-full e-flex e-con e-child\" data-id=\"d01c6e4\" data-element_type=\"container\" data-e-type=\"container\">\n\t\t\t\t<div class=\"elementor-element elementor-element-bdf771c elementor-widget elementor-widget-heading\" data-id=\"bdf771c\" data-element_type=\"widget\" data-e-type=\"widget\" data-widget_type=\"heading.default\">\n\t\t\t\t\t<h4 class=\"elementor-heading-title elementor-size-default\">Ein ausgestattetes und dem Lernen gewidmetes Technikzentrum<\/h4>\t\t\t\t<\/div>\n\t\t\t\t<div class=\"elementor-element elementor-element-b93737a elementor-widget elementor-widget-text-editor\" data-id=\"b93737a\" data-element_type=\"widget\" data-e-type=\"widget\" data-widget_type=\"text-editor.default\">\n\t\t\t\t\t\t\t\t\t<p>Unsere Schulungen finden statt:<\/p><ul><li>in unserem Technikzentrum (Maschinen in Betrieb, Demonstrationsbereich)<\/li><li>oder direkt in Ihrer Werkstatt, je nach Bedarf.<\/li><\/ul>\t\t\t\t\t\t\t\t<\/div>\n\t\t\t\t<\/div>\n\t\t<div class=\"elementor-element elementor-element-b133441 e-con-full e-flex e-con e-child\" data-id=\"b133441\" data-element_type=\"container\" data-e-type=\"container\">\n\t\t\t\t<div class=\"elementor-element elementor-element-cd1d863 elementor-widget elementor-widget-heading\" data-id=\"cd1d863\" data-element_type=\"widget\" data-e-type=\"widget\" data-widget_type=\"heading.default\">\n\t\t\t\t\t<h4 class=\"elementor-heading-title elementor-size-default\">Umfassende Begleitung in jeder Phase<\/h4>\t\t\t\t<\/div>\n\t\t\t\t<div class=\"elementor-element elementor-element-50a124b elementor-widget elementor-widget-text-editor\" data-id=\"50a124b\" data-element_type=\"widget\" data-e-type=\"widget\" data-widget_type=\"text-editor.default\">\n\t\t\t\t\t\t\t\t\t<p>Zus\u00e4tzlich zu den Schulungen unterst\u00fctzen Sie unsere Teams bei:<\/p><ul><li>der Inbetriebnahme Ihrer Maschinen<\/li><li>der Optimierung Ihrer Produktionslinie<\/li><li>dem Kompetenzaufbau Ihrer neuen Bediener<\/li><li>der Einarbeitung in die Thibaut Software<\/li><li>der Auditierung Ihrer Prozesse (Produktivit\u00e4t \/ Wartung)<\/li><\/ul>\t\t\t\t\t\t\t\t<\/div>\n\t\t\t\t<\/div>\n\t\t<div class=\"elementor-element elementor-element-314dd15 e-con-full e-flex e-con e-child\" data-id=\"314dd15\" data-element_type=\"container\" data-e-type=\"container\">\n\t\t\t\t<div class=\"elementor-element elementor-element-7f63ded elementor-widget elementor-widget-heading\" data-id=\"7f63ded\" data-element_type=\"widget\" data-e-type=\"widget\" data-widget_type=\"heading.default\">\n\t\t\t\t\t<h4 class=\"elementor-heading-title elementor-size-default\">Unsere Schulungsstatistiken 2024<\/h4>\t\t\t\t<\/div>\n\t\t\t\t<div class=\"elementor-element elementor-element-b998e5e elementor-widget elementor-widget-text-editor\" data-id=\"b998e5e\" data-element_type=\"widget\" data-e-type=\"widget\" data-widget_type=\"text-editor.default\">\n\t\t\t\t\t\t\t\t\t<p>Gesamtzahl der von den Teilnehmern absolvierten Schulungsstunden: <strong>6.422 Stunden<\/strong><\/p><p>Anzahl der Teilnehmer: <strong>151<\/strong><\/p><p>Basierend auf den von den Teilnehmern ausgef\u00fcllten Zufriedenheitsfrageb\u00f6gen: <\/p><p>Zufriedenheitsrate von <strong>91 %<\/strong><\/p>\t\t\t\t\t\t\t\t<\/div>\n\t\t\t\t<div class=\"elementor-element elementor-element-938dc8e elementor-widget elementor-widget-heading\" data-id=\"938dc8e\" data-element_type=\"widget\" data-e-type=\"widget\" data-widget_type=\"heading.default\">\n\t\t\t\t\t<h4 class=\"elementor-heading-title elementor-size-default\">Barrierefreiheit<\/h4>\t\t\t\t<\/div>\n\t\t\t\t<div class=\"elementor-element elementor-element-0f8f2f3 elementor-widget elementor-widget-text-editor\" data-id=\"0f8f2f3\" data-element_type=\"widget\" data-e-type=\"widget\" data-widget_type=\"text-editor.default\">\n\t\t\t\t\t\t\t\t\t<p>Jeder sollte das Recht auf Weiterbildung haben. Wir stehen Menschen mit Behinderung zur Verf\u00fcgung, um jede besondere Situation oder Einschr\u00e4nkung zu pr\u00fcfen, um Schulungsm\u00f6glichkeiten, Ausgleichsma\u00dfnahmen oder gegebenenfalls die Weiterleitung an eine geeignetere Einrichtung zu pr\u00fcfen\u2026 Wir gew\u00e4hrleisten Unterst\u00fctzung und Begleitung bei jedem Schulungsvorhaben.<\/p><p>Unsere Schulungen sind innerhalb von 6 bis 9 Monaten zug\u00e4nglich.<\/p><p>Bitte kontaktieren Sie unsere Behindertenbeauftragte:<\/p><p>Frau Sandra THIBAUT <a href=\"https:\/\/www.thibaut.fr\/fr\/formation\/sthibaut@thibaut.fr\">sthibaut@thibaut.fr<\/a> 02 31 66 68 00<\/p>\t\t\t\t\t\t\t\t<\/div>\n\t\t\t\t<\/div>\n\t\t\t\t<\/div>\n\t\t<div class=\"elementor-element elementor-element-9c0365f e-con-full e-flex e-con e-child\" data-id=\"9c0365f\" data-element_type=\"container\" data-e-type=\"container\">\n\t\t<div class=\"elementor-element elementor-element-58861bb e-con-full e-flex e-con e-child\" data-id=\"58861bb\" data-element_type=\"container\" data-e-type=\"container\">\n\t\t\t\t<div class=\"elementor-element elementor-element-1682e67 elementor-button-align-stretch elementor-widget elementor-widget-form\" data-id=\"1682e67\" data-element_type=\"widget\" data-e-type=\"widget\" data-settings=\"{&quot;step_next_label&quot;:&quot;Weiter&quot;,&quot;step_previous_label&quot;:&quot;Zur\\u00fcck&quot;,&quot;button_width&quot;:&quot;100&quot;,&quot;step_type&quot;:&quot;number_text&quot;,&quot;step_icon_shape&quot;:&quot;circle&quot;}\" data-widget_type=\"form.default\">\n\t\t\t\t\t\t\t<form class=\"elementor-form\" method=\"post\" name=\"Neues Formular\" aria-label=\"Neues Formular\">\n\t\t\t<input type=\"hidden\" name=\"post_id\" value=\"13665\"\/>\n\t\t\t<input type=\"hidden\" name=\"form_id\" value=\"1682e67\"\/>\n\t\t\t<input type=\"hidden\" name=\"referer_title\" value=\"Zertifizierte Schulungen f\u00fcr Steinmaschinen | Groupe Thibaut\" \/>\n\n\t\t\t\t\t\t\t<input type=\"hidden\" name=\"queried_id\" value=\"13665\"\/>\n\t\t\t\n\t\t\t<div class=\"elementor-form-fields-wrapper elementor-labels-above\">\n\t\t\t\t\t\t\t\t<div class=\"elementor-field-type-text elementor-field-group elementor-column elementor-field-group-name elementor-col-100\">\n\t\t\t\t\t\t\t\t\t\t\t\t<label for=\"form-field-name\" class=\"elementor-field-label\">\n\t\t\t\t\t\t\t\tName\t\t\t\t\t\t\t<\/label>\n\t\t\t\t\t\t\t\t\t\t\t\t\t\t<input size=\"1\" type=\"text\" name=\"form_fields[name]\" id=\"form-field-name\" class=\"elementor-field elementor-size-sm  elementor-field-textual\" placeholder=\"Name\">\n\t\t\t\t\t\t\t\t\t\t\t<\/div>\n\t\t\t\t\t\t\t\t<div class=\"elementor-field-type-email elementor-field-group elementor-column elementor-field-group-email elementor-col-100 elementor-field-required\">\n\t\t\t\t\t\t\t\t\t\t\t\t<label for=\"form-field-email\" class=\"elementor-field-label\">\n\t\t\t\t\t\t\t\tE-Mail\t\t\t\t\t\t\t<\/label>\n\t\t\t\t\t\t\t\t\t\t\t\t\t\t<input size=\"1\" type=\"email\" name=\"form_fields[email]\" id=\"form-field-email\" class=\"elementor-field elementor-size-sm  elementor-field-textual\" placeholder=\"E-Mail\" required=\"required\">\n\t\t\t\t\t\t\t\t\t\t\t<\/div>\n\t\t\t\t\t\t\t\t<div class=\"elementor-field-type-textarea elementor-field-group elementor-column elementor-field-group-message elementor-col-100\">\n\t\t\t\t\t\t\t\t\t\t\t\t<label for=\"form-field-message\" class=\"elementor-field-label\">\n\t\t\t\t\t\t\t\tNachricht\t\t\t\t\t\t\t<\/label>\n\t\t\t\t\t\t<textarea class=\"elementor-field-textual elementor-field  elementor-size-sm\" name=\"form_fields[message]\" id=\"form-field-message\" rows=\"4\" placeholder=\"Nachricht\"><\/textarea>\t\t\t\t<\/div>\n\t\t\t\t\t\t\t\t<div class=\"elementor-field-group elementor-column elementor-field-type-submit elementor-col-100 e-form__buttons\">\n\t\t\t\t\t<button class=\"elementor-button elementor-size-sm\" type=\"submit\">\n\t\t\t\t\t\t<span class=\"elementor-button-content-wrapper\">\n\t\t\t\t\t\t\t\t\t\t\t\t\t\t\t\t\t\t\t\t\t\t<span class=\"elementor-button-text\">Senden<\/span>\n\t\t\t\t\t\t\t\t\t\t\t\t\t<\/span>\n\t\t\t\t\t<\/button>\n\t\t\t\t<\/div>\n\t\t\t<\/div>\n\t\t<\/form>\n\t\t\t\t\t\t<\/div>\n\t\t\t\t<\/div>\n\t\t\t\t<div class=\"elementor-element elementor-element-b7b9cc3 elementor-widget elementor-widget-image\" data-id=\"b7b9cc3\" data-element_type=\"widget\" data-e-type=\"widget\" data-widget_type=\"image.default\">\n\t\t\t\t\t\t\t\t\t\t\t\t\t\t\t<img decoding=\"async\" width=\"358\" height=\"187\" src=\"https:\/\/www.thibaut.fr\/wp-content\/uploads\/2025\/12\/1-Qualiopi-Certifopac-AFC-1024x534-1-1.png\" class=\"attachment-large size-large wp-image-13667\" alt=\"\" srcset=\"https:\/\/www.thibaut.fr\/wp-content\/uploads\/2025\/12\/1-Qualiopi-Certifopac-AFC-1024x534-1-1.png 358w, https:\/\/www.thibaut.fr\/wp-content\/uploads\/2025\/12\/1-Qualiopi-Certifopac-AFC-1024x534-1-1-300x157.png 300w\" sizes=\"(max-width: 358px) 100vw, 358px\" \/>\t\t\t\t\t\t\t\t\t\t\t\t\t\t\t<\/div>\n\t\t\t\t<div class=\"elementor-element elementor-element-19675da elementor-widget elementor-widget-text-editor\" data-id=\"19675da\" data-element_type=\"widget\" data-e-type=\"widget\" data-widget_type=\"text-editor.default\">\n\t\t\t\t\t\t\t\t\t<a href=\"https:\/\/www.thibaut.fr\/wp-content\/uploads\/2026\/01\/Certificat-Qualiopi-Mise-a-jour-le-24.01.2024.pdf\" target=\"_blank\" rel=\"noopener\">Qualiopi-Zertifikat 2024-2027<\/a>\t\t\t\t\t\t\t\t<\/div>\n\t\t\t\t<\/div>\n\t\t\t\t\t<\/div>\n\t\t\t\t<\/div>\n\t\t\t\t<\/div>\n\t\t","protected":false},"excerpt":{"rendered":"<p>Unsere Schulungen Thibaut legt gro\u00dfen Wert darauf, dass die Teams seiner Kunden ihre Maschinen beherrschen und ihre Kompetenzen aufrechterhalten. Katalog herunterladen Beherrschen Sie Ihre Maschinen, steigern Sie Ihre Leistung Thibaut bietet Qualiopi-zertifizierte professionelle Schulungen an, die f\u00fcr alle Niveaus und Produktionsumgebungen geeignet sind. Unsere Ausbilder \u2013 Maschinen- und Softwareexperten \u2013 begleiten jeden Bediener, um einen [&hellip;]<\/p>\n","protected":false},"author":1,"featured_media":0,"parent":0,"menu_order":0,"comment_status":"closed","ping_status":"closed","template":"","meta":{"_acf_changed":false,"footnotes":""},"class_list":["post-13665","page","type-page","status-publish","hentry"],"acf":[],"yoast_head":"<!-- This site is optimized with the Yoast SEO Premium plugin v27.6 (Yoast SEO v27.6) - https:\/\/yoast.com\/product\/yoast-seo-premium-wordpress\/ -->\n<title>Zertifizierte Schulungen f\u00fcr Steinmaschinen | Groupe Thibaut<\/title>\n<meta name=\"description\" content=\"Professionelle zertifizierte Schulungen f\u00fcr Thibaut-Steinmaschinen. Vor Ort oder in unserem Technikzentrum. 91% Zufriedenheit.\" \/>\n<meta name=\"robots\" content=\"index, follow, max-snippet:-1, max-image-preview:large, max-video-preview:-1\" \/>\n<link rel=\"canonical\" href=\"https:\/\/www.thibaut.fr\/de\/schulungen\/\" \/>\n<meta property=\"og:locale\" content=\"de_DE\" \/>\n<meta property=\"og:type\" content=\"article\" \/>\n<meta property=\"og:title\" content=\"Schulungen\" \/>\n<meta property=\"og:description\" content=\"Thibaut, constructeur fran\u00e7ais de machines outils pour la pierre depuis 1959.\" \/>\n<meta property=\"og:url\" content=\"https:\/\/www.thibaut.fr\/de\/schulungen\/\" \/>\n<meta property=\"og:site_name\" content=\"Groupe Thibaut\" \/>\n<meta property=\"article:publisher\" content=\"https:\/\/www.facebook.com\/thibautgroupe\" \/>\n<meta property=\"article:modified_time\" content=\"2026-03-17T13:11:57+00:00\" \/>\n<meta property=\"og:image\" content=\"https:\/\/www.thibaut.fr\/wp-content\/uploads\/2026\/01\/20190726_113754-1024x768.jpg\" \/>\n<meta name=\"twitter:card\" content=\"summary_large_image\" \/>\n<meta name=\"twitter:label1\" content=\"Gesch\u00e4tzte Lesezeit\" \/>\n\t<meta name=\"twitter:data1\" content=\"3\u00a0Minuten\" \/>\n<script type=\"application\/ld+json\" class=\"yoast-schema-graph\">{\"@context\":\"https:\\\/\\\/schema.org\",\"@graph\":[{\"@type\":\"WebPage\",\"@id\":\"https:\\\/\\\/www.thibaut.fr\\\/de\\\/schulungen\\\/\",\"url\":\"https:\\\/\\\/www.thibaut.fr\\\/de\\\/schulungen\\\/\",\"name\":\"Zertifizierte Schulungen f\u00fcr Steinmaschinen | Groupe Thibaut\",\"isPartOf\":{\"@id\":\"https:\\\/\\\/www.thibaut.fr\\\/de\\\/#website\"},\"primaryImageOfPage\":{\"@id\":\"https:\\\/\\\/www.thibaut.fr\\\/de\\\/schulungen\\\/#primaryimage\"},\"image\":{\"@id\":\"https:\\\/\\\/www.thibaut.fr\\\/de\\\/schulungen\\\/#primaryimage\"},\"thumbnailUrl\":\"https:\\\/\\\/www.thibaut.fr\\\/wp-content\\\/uploads\\\/2026\\\/01\\\/20190726_113754-1024x768.jpg\",\"datePublished\":\"2025-12-15T13:13:02+00:00\",\"dateModified\":\"2026-03-17T13:11:57+00:00\",\"description\":\"Professionelle zertifizierte Schulungen f\u00fcr Thibaut-Steinmaschinen. Vor Ort oder in unserem Technikzentrum. 91% Zufriedenheit.\",\"breadcrumb\":{\"@id\":\"https:\\\/\\\/www.thibaut.fr\\\/de\\\/schulungen\\\/#breadcrumb\"},\"inLanguage\":\"de\",\"potentialAction\":[{\"@type\":\"ReadAction\",\"target\":[\"https:\\\/\\\/www.thibaut.fr\\\/de\\\/schulungen\\\/\"]}]},{\"@type\":\"ImageObject\",\"inLanguage\":\"de\",\"@id\":\"https:\\\/\\\/www.thibaut.fr\\\/de\\\/schulungen\\\/#primaryimage\",\"url\":\"https:\\\/\\\/www.thibaut.fr\\\/wp-content\\\/uploads\\\/2026\\\/01\\\/20190726_113754-1024x768.jpg\",\"contentUrl\":\"https:\\\/\\\/www.thibaut.fr\\\/wp-content\\\/uploads\\\/2026\\\/01\\\/20190726_113754-1024x768.jpg\"},{\"@type\":\"BreadcrumbList\",\"@id\":\"https:\\\/\\\/www.thibaut.fr\\\/de\\\/schulungen\\\/#breadcrumb\",\"itemListElement\":[{\"@type\":\"ListItem\",\"position\":1,\"name\":\"Accueil\",\"item\":\"https:\\\/\\\/www.thibaut.fr\\\/de\\\/\"},{\"@type\":\"ListItem\",\"position\":2,\"name\":\"Schulungen\"}]},{\"@type\":\"WebSite\",\"@id\":\"https:\\\/\\\/www.thibaut.fr\\\/de\\\/#website\",\"url\":\"https:\\\/\\\/www.thibaut.fr\\\/de\\\/\",\"name\":\"Groupe Thibaut\",\"description\":\"L&#039;excellence au service de la pierre depuis 1959\",\"publisher\":{\"@id\":\"https:\\\/\\\/www.thibaut.fr\\\/de\\\/#organization\"},\"alternateName\":\"Thibaut\",\"potentialAction\":[{\"@type\":\"SearchAction\",\"target\":{\"@type\":\"EntryPoint\",\"urlTemplate\":\"https:\\\/\\\/www.thibaut.fr\\\/de\\\/?s={search_term_string}\"},\"query-input\":{\"@type\":\"PropertyValueSpecification\",\"valueRequired\":true,\"valueName\":\"search_term_string\"}}],\"inLanguage\":\"de\"},{\"@type\":\"Organization\",\"@id\":\"https:\\\/\\\/www.thibaut.fr\\\/de\\\/#organization\",\"name\":\"Groupe Thibaut\",\"alternateName\":\"Thibaut\",\"url\":\"https:\\\/\\\/www.thibaut.fr\\\/de\\\/\",\"logo\":{\"@type\":\"ImageObject\",\"inLanguage\":\"de\",\"@id\":\"https:\\\/\\\/www.thibaut.fr\\\/de\\\/#\\\/schema\\\/logo\\\/image\\\/\",\"url\":\"https:\\\/\\\/www.thibaut.fr\\\/wp-content\\\/uploads\\\/2025\\\/12\\\/Logo-THIBAUT-CMJN.jpg\",\"contentUrl\":\"https:\\\/\\\/www.thibaut.fr\\\/wp-content\\\/uploads\\\/2025\\\/12\\\/Logo-THIBAUT-CMJN.jpg\",\"width\":1181,\"height\":286,\"caption\":\"Groupe Thibaut\"},\"image\":{\"@id\":\"https:\\\/\\\/www.thibaut.fr\\\/de\\\/#\\\/schema\\\/logo\\\/image\\\/\"},\"sameAs\":[\"https:\\\/\\\/www.facebook.com\\\/thibautgroupe\",\"https:\\\/\\\/www.instagram.com\\\/thibautgroupe\\\/\",\"https:\\\/\\\/www.youtube.com\\\/channel\\\/UC4yln9Xigw8FvApMJU5c_HA\",\"https:\\\/\\\/www.linkedin.com\\\/company\\\/thibaut-sa\\\/\"],\"description\":\"Manufacturing company\",\"email\":\"marketing@thibaut.fr\",\"telephone\":\"+33(0)2 31 66 68 00\",\"legalName\":\"Thibaut\",\"foundingDate\":\"1959-01-01\",\"vatID\":\"FR00377782792\",\"taxID\":\"37778279200016\",\"numberOfEmployees\":{\"@type\":\"QuantitativeValue\",\"minValue\":\"51\",\"maxValue\":\"200\"}}]}<\/script>\n<!-- \/ Yoast SEO Premium plugin. -->","yoast_head_json":{"title":"Zertifizierte Schulungen f\u00fcr Steinmaschinen | Groupe Thibaut","description":"Professionelle zertifizierte Schulungen f\u00fcr Thibaut-Steinmaschinen. Vor Ort oder in unserem Technikzentrum. 91% Zufriedenheit.","robots":{"index":"index","follow":"follow","max-snippet":"max-snippet:-1","max-image-preview":"max-image-preview:large","max-video-preview":"max-video-preview:-1"},"canonical":"https:\/\/www.thibaut.fr\/de\/schulungen\/","og_locale":"de_DE","og_type":"article","og_title":"Schulungen","og_description":"Thibaut, constructeur fran\u00e7ais de machines outils pour la pierre depuis 1959.","og_url":"https:\/\/www.thibaut.fr\/de\/schulungen\/","og_site_name":"Groupe Thibaut","article_publisher":"https:\/\/www.facebook.com\/thibautgroupe","article_modified_time":"2026-03-17T13:11:57+00:00","og_image":[{"url":"https:\/\/www.thibaut.fr\/wp-content\/uploads\/2026\/01\/20190726_113754-1024x768.jpg","type":"","width":"","height":""}],"twitter_card":"summary_large_image","twitter_misc":{"Gesch\u00e4tzte Lesezeit":"3\u00a0Minuten"},"schema":{"@context":"https:\/\/schema.org","@graph":[{"@type":"WebPage","@id":"https:\/\/www.thibaut.fr\/de\/schulungen\/","url":"https:\/\/www.thibaut.fr\/de\/schulungen\/","name":"Zertifizierte Schulungen f\u00fcr Steinmaschinen | Groupe Thibaut","isPartOf":{"@id":"https:\/\/www.thibaut.fr\/de\/#website"},"primaryImageOfPage":{"@id":"https:\/\/www.thibaut.fr\/de\/schulungen\/#primaryimage"},"image":{"@id":"https:\/\/www.thibaut.fr\/de\/schulungen\/#primaryimage"},"thumbnailUrl":"https:\/\/www.thibaut.fr\/wp-content\/uploads\/2026\/01\/20190726_113754-1024x768.jpg","datePublished":"2025-12-15T13:13:02+00:00","dateModified":"2026-03-17T13:11:57+00:00","description":"Professionelle zertifizierte Schulungen f\u00fcr Thibaut-Steinmaschinen. Vor Ort oder in unserem Technikzentrum. 91% Zufriedenheit.","breadcrumb":{"@id":"https:\/\/www.thibaut.fr\/de\/schulungen\/#breadcrumb"},"inLanguage":"de","potentialAction":[{"@type":"ReadAction","target":["https:\/\/www.thibaut.fr\/de\/schulungen\/"]}]},{"@type":"ImageObject","inLanguage":"de","@id":"https:\/\/www.thibaut.fr\/de\/schulungen\/#primaryimage","url":"https:\/\/www.thibaut.fr\/wp-content\/uploads\/2026\/01\/20190726_113754-1024x768.jpg","contentUrl":"https:\/\/www.thibaut.fr\/wp-content\/uploads\/2026\/01\/20190726_113754-1024x768.jpg"},{"@type":"BreadcrumbList","@id":"https:\/\/www.thibaut.fr\/de\/schulungen\/#breadcrumb","itemListElement":[{"@type":"ListItem","position":1,"name":"Accueil","item":"https:\/\/www.thibaut.fr\/de\/"},{"@type":"ListItem","position":2,"name":"Schulungen"}]},{"@type":"WebSite","@id":"https:\/\/www.thibaut.fr\/de\/#website","url":"https:\/\/www.thibaut.fr\/de\/","name":"Groupe Thibaut","description":"L&#039;excellence au service de la pierre depuis 1959","publisher":{"@id":"https:\/\/www.thibaut.fr\/de\/#organization"},"alternateName":"Thibaut","potentialAction":[{"@type":"SearchAction","target":{"@type":"EntryPoint","urlTemplate":"https:\/\/www.thibaut.fr\/de\/?s={search_term_string}"},"query-input":{"@type":"PropertyValueSpecification","valueRequired":true,"valueName":"search_term_string"}}],"inLanguage":"de"},{"@type":"Organization","@id":"https:\/\/www.thibaut.fr\/de\/#organization","name":"Groupe Thibaut","alternateName":"Thibaut","url":"https:\/\/www.thibaut.fr\/de\/","logo":{"@type":"ImageObject","inLanguage":"de","@id":"https:\/\/www.thibaut.fr\/de\/#\/schema\/logo\/image\/","url":"https:\/\/www.thibaut.fr\/wp-content\/uploads\/2025\/12\/Logo-THIBAUT-CMJN.jpg","contentUrl":"https:\/\/www.thibaut.fr\/wp-content\/uploads\/2025\/12\/Logo-THIBAUT-CMJN.jpg","width":1181,"height":286,"caption":"Groupe Thibaut"},"image":{"@id":"https:\/\/www.thibaut.fr\/de\/#\/schema\/logo\/image\/"},"sameAs":["https:\/\/www.facebook.com\/thibautgroupe","https:\/\/www.instagram.com\/thibautgroupe\/","https:\/\/www.youtube.com\/channel\/UC4yln9Xigw8FvApMJU5c_HA","https:\/\/www.linkedin.com\/company\/thibaut-sa\/"],"description":"Manufacturing company","email":"marketing@thibaut.fr","telephone":"+33(0)2 31 66 68 00","legalName":"Thibaut","foundingDate":"1959-01-01","vatID":"FR00377782792","taxID":"37778279200016","numberOfEmployees":{"@type":"QuantitativeValue","minValue":"51","maxValue":"200"}}]}},"_links":{"self":[{"href":"https:\/\/www.thibaut.fr\/de\/wp-json\/wp\/v2\/pages\/13665","targetHints":{"allow":["GET"]}}],"collection":[{"href":"https:\/\/www.thibaut.fr\/de\/wp-json\/wp\/v2\/pages"}],"about":[{"href":"https:\/\/www.thibaut.fr\/de\/wp-json\/wp\/v2\/types\/page"}],"author":[{"embeddable":true,"href":"https:\/\/www.thibaut.fr\/de\/wp-json\/wp\/v2\/users\/1"}],"replies":[{"embeddable":true,"href":"https:\/\/www.thibaut.fr\/de\/wp-json\/wp\/v2\/comments?post=13665"}],"version-history":[{"count":2,"href":"https:\/\/www.thibaut.fr\/de\/wp-json\/wp\/v2\/pages\/13665\/revisions"}],"predecessor-version":[{"id":15746,"href":"https:\/\/www.thibaut.fr\/de\/wp-json\/wp\/v2\/pages\/13665\/revisions\/15746"}],"wp:attachment":[{"href":"https:\/\/www.thibaut.fr\/de\/wp-json\/wp\/v2\/media?parent=13665"}],"curies":[{"name":"wp","href":"https:\/\/api.w.org\/{rel}","templated":true}]}}